{"id":2286,"date":"2018-06-01T10:34:35","date_gmt":"2018-06-01T08:34:35","guid":{"rendered":"https:\/\/www.ybierling.com\/v2\/?page_id=2286"},"modified":"2018-06-06T15:33:18","modified_gmt":"2018-06-06T13:33:18","slug":"politique-de-confidentialite","status":"publish","type":"page","link":"https:\/\/www.ybierling.com\/v2\/fr\/politique-de-confidentialite\/","title":{"rendered":"Politique de confidentialit\u00e9"},"content":{"rendered":"<h2>Qui nous sommes<\/h2>\n<p>L&#8217;adresse de notre site Web est: <a href=\"https:\/\/www.ybierling.com\/v2\">https:\/\/www.ybierling.com\/v2<\/a>.<\/p>\n<h2>Quelles sont les donn\u00e9es personnelles que nous recueillons et pourquoi nous les collectons<\/h2>\n<h3>commentaires<\/h3>\n<p>Lorsque les visiteurs laissent des commentaires sur le site, nous collectons les donn\u00e9es affich\u00e9es dans le formulaire de commentaires, ainsi que l&#8217;adresse IP du visiteur et la cha\u00eene de l&#8217;agent utilisateur du navigateur pour aider \u00e0 la d\u00e9tection des spams.<\/p>\n<p>Une cha\u00eene anonymis\u00e9e cr\u00e9\u00e9e \u00e0 partir de votre adresse e-mail (\u00e9galement appel\u00e9e hash) peut \u00eatre fournie au service Gravatar pour voir si vous l&#8217;utilisez. La politique de confidentialit\u00e9 du service Gravatar est disponible ici: https:\/\/automattic.com\/privacy\/. Apr\u00e8s approbation de votre commentaire, votre photo de profil est visible au public dans le cadre de votre commentaire.<\/p>\n<h3>M\u00e9dias<\/h3>\n<p>Si vous t\u00e9l\u00e9chargez des images sur le site Web, vous devez \u00e9viter de t\u00e9l\u00e9charger des images avec des donn\u00e9es de localisation int\u00e9gr\u00e9es (EXIF GPS) incluses. Les visiteurs du site Web peuvent t\u00e9l\u00e9charger et extraire toutes les donn\u00e9es de localisation \u00e0 partir d&#8217;images sur le site Web.<\/p>\n<h3>Cookies<\/h3>\n<p>Si vous laissez un commentaire sur notre site, vous pouvez choisir d&#8217;enregistrer votre nom, votre adresse e-mail et votre site web dans des cookies. Ceux-ci sont pour votre commodit\u00e9 afin que vous n&#8217;ayez pas \u00e0 remplir \u00e0 nouveau vos coordonn\u00e9es lorsque vous laissez un autre commentaire. Ces cookies dureront un an.<\/p>\n<p>Si vous avez un compte et que vous vous connectez \u00e0 ce site, nous \u00e9tablirons un cookie temporaire pour d\u00e9terminer si votre navigateur accepte les cookies. Ce cookie ne contient aucune donn\u00e9e personnelle et est ignor\u00e9 lorsque vous fermez votre navigateur.<\/p>\n<p>Lorsque vous vous connectez, nous allons \u00e9galement configurer plusieurs cookies pour enregistrer vos informations de connexion et vos choix d&#8217;affichage \u00e0 l&#8217;\u00e9cran. Les cookies de connexion durent deux jours et les cookies d&#8217;options d&#8217;\u00e9cran durent un an. Si vous s\u00e9lectionnez &#8220;Se souvenir de moi&#8221;, votre connexion persistera pendant deux semaines. Si vous vous d\u00e9connectez de votre compte, les cookies de connexion seront supprim\u00e9s.<\/p>\n<p>Si vous \u00e9ditez ou publiez un article, un cookie suppl\u00e9mentaire sera enregistr\u00e9 dans votre navigateur. Ce cookie ne contient aucune donn\u00e9e personnelle et indique simplement l&#8217;identifiant de l&#8217;article que vous venez d&#8217;\u00e9diter. Il expire apr\u00e8s 1 jour.<\/p>\n<p><span id=\"result_box\" class=\"\" lang=\"fr\" tabindex=\"-1\"><span class=\"\">Nous stockons des cookies avec votre ID de session, un identifiant unique g\u00e9n\u00e9r\u00e9 pour reconna\u00eetre votre visite, la langue s\u00e9lectionn\u00e9e et un bool\u00e9en dans le cas o\u00f9 vous avez accept\u00e9 notre politique de confidentialit\u00e9, afin de rejeter automatiquement le message, pendant 7 jours.<\/span><\/span><\/p>\n<h3>Contenu int\u00e9gr\u00e9 d&#8217;autres sites Web<\/h3>\n<p>Les articles sur ce site peuvent inclure du contenu int\u00e9gr\u00e9 (vid\u00e9os, images, articles, etc.). Le contenu int\u00e9gr\u00e9 d&#8217;autres sites Web se comporte exactement de la m\u00eame mani\u00e8re que si le visiteur a visit\u00e9 l&#8217;autre site Web.<\/p>\n<p>Ces sites Web peuvent collecter des donn\u00e9es vous concernant, utiliser des cookies, int\u00e9grer un suivi tiers suppl\u00e9mentaire et surveiller votre interaction avec ce contenu int\u00e9gr\u00e9, y compris le suivi de votre interaction avec le contenu int\u00e9gr\u00e9 si vous avez un compte et \u00eates connect\u00e9 \u00e0 ce site Web.<\/p>\n<h3>Analytique<\/h3>\n<p><span id=\"result_box\" class=\"short_text\" lang=\"fr\" tabindex=\"-1\"><span class=\"\">Notre fournisseur d&#8217;analyse est<\/span><\/span> <a href=\"http:\/\/www.google.com\/intl\/en\/policies\/privacy\/partners\/\" target=\"_blank\" rel=\"noopener\">Google Analytics<\/a>. <a href=\"https:\/\/tools.google.com\/dlpage\/gaoptout\" target=\"_blank\" rel=\"noopener\">Google Analytics Opt-out<\/a><\/p>\n<h2>Qui partageons-nous vos donn\u00e9es avec<\/h2>\n<p class=\"\">Nous ne partageons pas vos donn\u00e9es.<\/p>\n<h2>Combien de temps nous conservons vos donn\u00e9es<\/h2>\n<p>Si vous laissez un commentaire, le commentaire et ses m\u00e9tadonn\u00e9es sont conserv\u00e9s ind\u00e9finiment. C&#8217;est ainsi que nous pouvons reconna\u00eetre et approuver tous les commentaires de suivi automatiquement au lieu de les maintenir dans une file d&#8217;attente de mod\u00e9ration.<\/p>\n<p>Pour les utilisateurs qui s&#8217;inscrivent sur notre site Web (le cas \u00e9ch\u00e9ant), nous stockons \u00e9galement les informations personnelles qu&#8217;ils fournissent dans leur profil d&#8217;utilisateur. Tous les utilisateurs peuvent voir, modifier ou supprimer leurs informations personnelles \u00e0 tout moment (sauf qu&#8217;ils ne peuvent pas changer leur nom d&#8217;utilisateur). Les administrateurs de site Web peuvent \u00e9galement voir et modifier ces informations.<\/p>\n<h2>Quels droits avez-vous sur vos donn\u00e9es<\/h2>\n<p>Si vous avez un compte sur ce site, ou avez laiss\u00e9 des commentaires, vous pouvez demander \u00e0 recevoir un fichier export\u00e9 des donn\u00e9es personnelles que nous d\u00e9tenons \u00e0 votre sujet, y compris les donn\u00e9es que vous nous avez fournies. Vous pouvez \u00e9galement demander que nous effacions toutes les donn\u00e9es personnelles que nous d\u00e9tenons \u00e0 votre sujet. Cela n&#8217;inclut pas les donn\u00e9es que nous sommes tenus de conserver \u00e0 des fins administratives, l\u00e9gales ou de s\u00e9curit\u00e9.<\/p>\n<h2>O\u00f9 envoyons-nous vos donn\u00e9es<\/h2>\n<p>Les commentaires des visiteurs peuvent \u00eatre v\u00e9rifi\u00e9s via un service de d\u00e9tection automatique de spam.<\/p>\n<h2>Vos coordonn\u00e9es<\/h2>\n<p><a href=\"mailto:contact@ybierling.com\">contact@ybierling.com<\/a><\/p>\n<h2>Information additionnelle<\/h2>\n<h3>Comment prot\u00e9geons-nous vos donn\u00e9es<\/h3>\n<p><a href=\"https:\/\/www.ex2.com\/clients\/aff.php?aff=579\" target=\"_blank\" rel=\"noopener\">Les donn\u00e9es sont stock\u00e9es sur des serveurs s\u00e9curis\u00e9s, g\u00e9r\u00e9s par un service d&#8217;h\u00e9bergement tiers, EX2 Hosting<\/a>.<\/p>\n<h3>Quelles proc\u00e9dures de violation de donn\u00e9es nous avons mises en place<\/h3>\n<p>En cas de suspicion de violation de donn\u00e9es, veuillez nous contacter.<\/p>\n<h3>De quels tiers nous recevons des donn\u00e9es<\/h3>\n<p>Nous ne recevons pas de donn\u00e9es de tiers.<\/p>\n<h3>Quelle prise de d\u00e9cision automatis\u00e9e et \/ ou profilage nous faisons avec les donn\u00e9es de l&#8217;utilisateur<\/h3>\n<p><span id=\"result_box\" class=\"\" lang=\"fr\" tabindex=\"-1\">Nous ne prenons pas de d\u00e9cision automatis\u00e9e avec les donn\u00e9es utilisateur.<br \/>\n<span class=\"\">Cependant, nos annonceurs affili\u00e9s peuvent utiliser les donn\u00e9es pr\u00e9c\u00e9demment collect\u00e9es pour proposer des r\u00e9sultats personnalis\u00e9s.<\/span><\/span><\/p>\n","protected":false},"excerpt":{"rendered":"<p>Qui nous sommes L&#8217;adresse de notre site Web est: https:\/\/www.ybierling.com\/v2. Quelles sont les donn\u00e9es personnelles que nous recueillons et pourquoi<\/p>\n","protected":false},"author":1,"featured_media":0,"parent":0,"menu_order":0,"comment_status":"closed","ping_status":"closed","template":"","meta":{"footnotes":""},"class_list":["post-2286","page","type-page","status-publish","hentry"],"_links":{"self":[{"href":"https:\/\/www.ybierling.com\/v2\/wp-json\/wp\/v2\/pages\/2286","targetHints":{"allow":["GET"]}}],"collection":[{"href":"https:\/\/www.ybierling.com\/v2\/wp-json\/wp\/v2\/pages"}],"about":[{"href":"https:\/\/www.ybierling.com\/v2\/wp-json\/wp\/v2\/types\/page"}],"author":[{"embeddable":true,"href":"https:\/\/www.ybierling.com\/v2\/wp-json\/wp\/v2\/users\/1"}],"replies":[{"embeddable":true,"href":"https:\/\/www.ybierling.com\/v2\/wp-json\/wp\/v2\/comments?post=2286"}],"version-history":[{"count":5,"href":"https:\/\/www.ybierling.com\/v2\/wp-json\/wp\/v2\/pages\/2286\/revisions"}],"predecessor-version":[{"id":2296,"href":"https:\/\/www.ybierling.com\/v2\/wp-json\/wp\/v2\/pages\/2286\/revisions\/2296"}],"wp:attachment":[{"href":"https:\/\/www.ybierling.com\/v2\/wp-json\/wp\/v2\/media?parent=2286"}],"curies":[{"name":"wp","href":"https:\/\/api.w.org\/{rel}","templated":true}]}}